{"id":1815,"date":"2025-07-04T18:47:15","date_gmt":"2025-07-04T16:47:15","guid":{"rendered":"https:\/\/leonleroi.at\/?page_id=1815"},"modified":"2025-07-14T18:59:37","modified_gmt":"2025-07-14T16:59:37","slug":"wiener-wiesn-kaiserzelt","status":"publish","type":"page","link":"https:\/\/leonleroi.at\/index.php\/wiener-wiesn-kaiserzelt\/","title":{"rendered":"KAISERWIESN IN WIEN @ NORDIC SPIRIT KAISERZELT"},"content":{"rendered":"\n<p class=\"has-text-align-center has-text-color has-background has-link-color wp-elements-79f7e2f9a00fd5c65f1b1da4c4b36083\" style=\"color:#f7f7f7;background-color:#ff3846\"><strong>IDEAL F\u00dcR FIRMENFEIERN<\/strong><\/p>\n\n\n<div class=\"wp-block-image\">\n<figure class=\"aligncenter size-full is-resized\"><img fetchpriority=\"high\" decoding=\"async\" width=\"9520\" height=\"9520\" src=\"https:\/\/leonleroi.at\/wp-content\/uploads\/2025\/07\/Icon_NordicSpiritKaiserZelt_gross_V2-1.png\" alt=\"\" class=\"wp-image-1821\" style=\"width:503px;height:auto\"\/><\/figure><\/div>\n\n\n<p class=\"has-text-align-center\"> 2024 war f\u00fcr mich Premiere als Gastgeber auf der Wiener Wiesn<\/p>\n\n\n\n<div class=\"wp-block-columns is-layout-flex wp-container-core-columns-is-layout-9d6595d7 wp-block-columns-is-layout-flex\">\n<div class=\"wp-block-column is-layout-flow wp-block-column-is-layout-flow\" style=\"flex-basis:100%\">\n<figure class=\"wp-block-image size-large\"><img decoding=\"async\" width=\"1024\" height=\"981\" src=\"https:\/\/leonleroi.at\/wp-content\/uploads\/2025\/07\/514371287_10239745538800662_796778831007641917_n-1024x981.jpg\" alt=\"\" class=\"wp-image-1826\" srcset=\"https:\/\/leonleroi.at\/wp-content\/uploads\/2025\/07\/514371287_10239745538800662_796778831007641917_n-1024x981.jpg 1024w, https:\/\/leonleroi.at\/wp-content\/uploads\/2025\/07\/514371287_10239745538800662_796778831007641917_n-300x287.jpg 300w, https:\/\/leonleroi.at\/wp-content\/uploads\/2025\/07\/514371287_10239745538800662_796778831007641917_n-768x736.jpg 768w, https:\/\/leonleroi.at\/wp-content\/uploads\/2025\/07\/514371287_10239745538800662_796778831007641917_n-1536x1472.jpg 1536w, https:\/\/leonleroi.at\/wp-content\/uploads\/2025\/07\/514371287_10239745538800662_796778831007641917_n.jpg 2048w\" sizes=\"(max-width: 1024px) 100vw, 1024px\" \/><\/figure>\n<\/div>\n<\/div>\n\n\n\n<p class=\"has-regular-font-size\">UND jetzt geht es in die n\u00e4chste Runde im NORDIC SPIRIT KAISERZELT..mit einer neuen Speisekarte und sonstigen Neuerungen werde ich wieder als Gastgeber f\u00fcr die Red Carpet GmbH &amp; dem Wiesnkaiser Johann Pittermann zugange sein<\/p>\n\n\n\n<p>Vor allem f\u00fcr gr\u00f6ssere Gruppen oder Firmen ist das Zelt geeignet..da wir euch auch das ganze Zelt exclusiv anbieten k\u00f6nnen<\/p>\n\n\n\n<p class=\"has-orange-color has-text-color has-link-color wp-elements-230998e41e0997f21628e14e626a2213\">Das Zelt bietet Platz f\u00fcr 1144 G\u00e4ste..davon gibt es 192 Pl\u00e4tze in der Kaiserloge &#8211; das heisst, wir k\u00f6nnen auch die komplette Loge f\u00fcr kleinere Firmen vorbereiten<\/p>\n\n\n\n<p>Auf der Kaiserwiesn gibt es t\u00e4glich Live Musik &#8211; so wie in M\u00fcnchen..nur wird in Wien ein gewisser Musikbeitrag pro Gast verrechnet..DAF\u00dcR sind aber die Speisen und Getr\u00e4nkepreise immer noch moderat zu denen in M\u00fcnchen<\/p>\n\n\n\n<p>Wir k\u00f6nnen euch aber den 29. und 30.September 2025 OHNE Musikbeitrag anbieten-da spielt zwar die Musik, aber es ist kein Eintritt zu bezahlen<\/p>\n\n\n\n<p class=\"has-blue-color has-text-color has-link-color wp-elements-96571c10def2b091ce7cb43483e0b11e\">Bei Interesse an einen entspannten KAISERWIESN Abend mit gutem Essen und feinen Drinks   &#8211;)Bitte schreibt mir einfach eine Mail an   <strong>leon2407@gmx.at  <\/strong> (und ich versorge euch mit mehr Infos)<\/p>\n\n\n\n<p>K\u00fcchenchef Richard Pammer, der vom Private Dining bis hin zur Kaiserwiesn stets auf h\u00f6chstem Niveau die Speisen zubereitet..wird euch kulinarisch verw\u00f6hnen vom 25.09 &#8211; 12.10  \/\/ ihr k\u00f6nnt euch gerne ein Bild machen von ihm..<\/p>\n\n\n\n<figure class=\"wp-block-image size-large\"><img decoding=\"async\" width=\"786\" height=\"1024\" src=\"https:\/\/leonleroi.at\/wp-content\/uploads\/2025\/07\/x2nqC6GbI2-786x1024.png\" alt=\"\" class=\"wp-image-1843\" srcset=\"https:\/\/leonleroi.at\/wp-content\/uploads\/2025\/07\/x2nqC6GbI2-786x1024.png 786w, https:\/\/leonleroi.at\/wp-content\/uploads\/2025\/07\/x2nqC6GbI2-230x300.png 230w, https:\/\/leonleroi.at\/wp-content\/uploads\/2025\/07\/x2nqC6GbI2-768x1000.png 768w, https:\/\/leonleroi.at\/wp-content\/uploads\/2025\/07\/x2nqC6GbI2.png 935w\" sizes=\"(max-width: 786px) 100vw, 786px\" \/><\/figure>\n\n\n\n<p><a href=\"https:\/\/www.richardkocht.at\/\">https:\/\/www.richardkocht.at\/<\/a><\/p>\n\n\n\n<p class=\"has-orange-color has-text-color has-link-color wp-elements-63f3df11bac452cb28a9b2c367ac86c3\">ACHTUNG&#8211;) Nat\u00fcrlich gibt es zum Bier oder Wein auch eine kleine CHAMPAGNER Auswahl<\/p>\n\n\n\n<p class=\"has-black-color has-text-color has-link-color wp-elements-fc648b203e922f980f8c45a8c5373eb8\">Zum Essen wird es eine A la Carte Karte geben..aber wie Ihr bei den Bildern sehen k\u00f6nnt &#8211; gibt es nat\u00fcrlich einen schmackhaften Men\u00fcvorschlag..vor allem f\u00fcr gr\u00f6ssere Gesellschaften<\/p>\n\n\n\n<figure class=\"wp-block-image size-large\"><img loading=\"lazy\" decoding=\"async\" width=\"1024\" height=\"968\" src=\"https:\/\/leonleroi.at\/wp-content\/uploads\/2025\/07\/3twd24Rcxk-1024x968.png\" alt=\"\" class=\"wp-image-1823\" srcset=\"https:\/\/leonleroi.at\/wp-content\/uploads\/2025\/07\/3twd24Rcxk-1024x968.png 1024w, https:\/\/leonleroi.at\/wp-content\/uploads\/2025\/07\/3twd24Rcxk-300x284.png 300w, https:\/\/leonleroi.at\/wp-content\/uploads\/2025\/07\/3twd24Rcxk-768x726.png 768w, https:\/\/leonleroi.at\/wp-content\/uploads\/2025\/07\/3twd24Rcxk-1536x1453.png 1536w, https:\/\/leonleroi.at\/wp-content\/uploads\/2025\/07\/3twd24Rcxk.png 1623w\" sizes=\"(max-width: 1024px) 100vw, 1024px\" \/><\/figure>\n\n\n\n<figure class=\"wp-block-image size-large\"><img loading=\"lazy\" decoding=\"async\" width=\"1024\" height=\"675\" src=\"https:\/\/leonleroi.at\/wp-content\/uploads\/2025\/07\/NUTB0WGMaz-1024x675.jpg\" alt=\"\" class=\"wp-image-1824\" srcset=\"https:\/\/leonleroi.at\/wp-content\/uploads\/2025\/07\/NUTB0WGMaz-1024x675.jpg 1024w, https:\/\/leonleroi.at\/wp-content\/uploads\/2025\/07\/NUTB0WGMaz-300x198.jpg 300w, https:\/\/leonleroi.at\/wp-content\/uploads\/2025\/07\/NUTB0WGMaz-768x506.jpg 768w, https:\/\/leonleroi.at\/wp-content\/uploads\/2025\/07\/NUTB0WGMaz-1536x1012.jpg 1536w, https:\/\/leonleroi.at\/wp-content\/uploads\/2025\/07\/NUTB0WGMaz-2048x1350.jpg 2048w\" sizes=\"(max-width: 1024px) 100vw, 1024px\" \/><\/figure>\n\n\n\n<figure class=\"wp-block-image size-large is-resized\"><img loading=\"lazy\" decoding=\"async\" width=\"1024\" height=\"745\" src=\"https:\/\/leonleroi.at\/wp-content\/uploads\/2025\/07\/C5tStRuYuG-1024x745.png\" alt=\"\" class=\"wp-image-1825\" style=\"width:356px;height:auto\" srcset=\"https:\/\/leonleroi.at\/wp-content\/uploads\/2025\/07\/C5tStRuYuG-1024x745.png 1024w, https:\/\/leonleroi.at\/wp-content\/uploads\/2025\/07\/C5tStRuYuG-300x218.png 300w, https:\/\/leonleroi.at\/wp-content\/uploads\/2025\/07\/C5tStRuYuG-768x559.png 768w, https:\/\/leonleroi.at\/wp-content\/uploads\/2025\/07\/C5tStRuYuG-1536x1117.png 1536w, https:\/\/leonleroi.at\/wp-content\/uploads\/2025\/07\/C5tStRuYuG-2048x1489.png 2048w\" sizes=\"(max-width: 1024px) 100vw, 1024px\" \/><\/figure>\n\n\n\n<p><\/p>\n","protected":false},"excerpt":{"rendered":"<p>IDEAL F\u00dcR FIRMENFEIERN 2024 war f\u00fcr mich Premiere als Gastgeber auf der Wiener Wiesn UND jetzt geht es in die n\u00e4chste Runde im NORDIC SPIRIT KAISERZELT..mit einer neuen Speisekarte und sonstigen Neuerungen werde ich wieder als Gastgeber f\u00fcr die Red Carpet GmbH &amp; dem Wiesnkaiser Johann Pittermann zugange sein Vor allem f\u00fcr gr\u00f6ssere Gruppen oder Firmen ist das Zelt geeignet..da wir euch auch das ganze Zelt exclusiv anbieten k\u00f6nnen Das Zelt bietet Platz f\u00fcr 1144 G\u00e4ste..davon gibt es 192 Pl\u00e4tze in der Kaiserloge &#8211; das heisst, wir k\u00f6nnen auch die komplette Loge f\u00fcr kleinere Firmen vorbereiten Auf der Kaiserwiesn gibt es t\u00e4glich Live Musik &#8211; so wie in M\u00fcnchen..nur wird in Wien ein gewisser Musikbeitrag pro Gast verrechnet..DAF\u00dcR sind aber die Speisen und Getr\u00e4nkepreise immer noch moderat zu denen in M\u00fcnchen Wir k\u00f6nnen euch aber den 29. und 30.September 2025 OHNE Musikbeitrag anbieten-da spielt zwar die Musik, aber es ist kein Eintritt zu bezahlen Bei Interesse an einen entspannten KAISERWIESN Abend mit gutem Essen und feinen Drinks &#8211;)Bitte schreibt mir einfach eine Mail an leon2407@gmx.at (und ich versorge euch mit mehr Infos) K\u00fcchenchef Richard Pammer, der vom Private Dining bis hin zur Kaiserwiesn stets auf h\u00f6chstem Niveau die Speisen zubereitet..wird [&hellip;]<\/p>\n","protected":false},"author":1,"featured_media":0,"parent":0,"menu_order":0,"comment_status":"closed","ping_status":"closed","template":"","meta":{"footnotes":""},"class_list":["post-1815","page","type-page","status-publish","hentry"],"_links":{"self":[{"href":"https:\/\/leonleroi.at\/index.php\/wp-json\/wp\/v2\/pages\/1815","targetHints":{"allow":["GET"]}}],"collection":[{"href":"https:\/\/leonleroi.at\/index.php\/wp-json\/wp\/v2\/pages"}],"about":[{"href":"https:\/\/leonleroi.at\/index.php\/wp-json\/wp\/v2\/types\/page"}],"author":[{"embeddable":true,"href":"https:\/\/leonleroi.at\/index.php\/wp-json\/wp\/v2\/users\/1"}],"replies":[{"embeddable":true,"href":"https:\/\/leonleroi.at\/index.php\/wp-json\/wp\/v2\/comments?post=1815"}],"version-history":[{"count":14,"href":"https:\/\/leonleroi.at\/index.php\/wp-json\/wp\/v2\/pages\/1815\/revisions"}],"predecessor-version":[{"id":1895,"href":"https:\/\/leonleroi.at\/index.php\/wp-json\/wp\/v2\/pages\/1815\/revisions\/1895"}],"wp:attachment":[{"href":"https:\/\/leonleroi.at\/index.php\/wp-json\/wp\/v2\/media?parent=1815"}],"curies":[{"name":"wp","href":"https:\/\/api.w.org\/{rel}","templated":true}]}}