{"id":22,"date":"2018-07-17T15:52:34","date_gmt":"2018-07-17T14:52:34","guid":{"rendered":"https:\/\/leonleroi.at\/?page_id=22"},"modified":"2025-07-31T15:54:57","modified_gmt":"2025-07-31T13:54:57","slug":"ueber-mich","status":"publish","type":"page","link":"https:\/\/leonleroi.at\/index.php\/ueber-mich\/","title":{"rendered":"\u00dcber mich"},"content":{"rendered":"<p><strong>Dipl.Somm G\u00fcnter Leon Sch\u00fcttbacher <\/strong><\/p>\n<p><strong>WARUM LEON LE ROI??<\/strong><\/p>\n<p><strong><span style=\"color: #ff0000;\">Da ich Sternzeichen L\u00f6we bin, und mein zweiter Name (nach G\u00fcnter) Leon ist, und ich die franz\u00f6sische Sprache cool finde, und ich damals einen Dj Namen gesucht habe, bin ich auf Leon le Roi gekommen(LEON von leon\/\/LE ROI von K\u00f6nig-weil L\u00f6we K\u00f6nig der Tiere)..leon le roi wird so ausgesprochen&gt;&gt;\u00a0 \u00a0<\/span><em><span style=\"color: #ff0000;\">\u00a0leon l\u00f6 roa<\/span><\/em><\/strong><\/p>\n<p><span style=\"color: #333399;\"><strong>Geboren bin ich am 24.07.1972 in Aigen im Ennstal in der Steiermark in \u00d6sterreich, in jungen Jahren sind wir mit unseren Eltern nach Aich-Assach gezogen auf den wundersch\u00f6nen Hirzhof..in Gr\u00f6bming habe ich meine Pflichtschulzeit beendet..in den Sommerferien durfte ich ein paar Monate auf die Pleschnitzalm am G\u00f6ssenberg, ein bisschen Taschengeld verdienen..da habe ich schon gemerkt, dass ich gerne G\u00e4ste bewirte..<\/strong><\/span><\/p>\n<p><span style=\"color: #008000;\"><strong>Nach meiner Pflichtsch<span class=\"text_exposed_show\">ulzeit bin ich 1987 in die Tourismusbranche eingestiegen, angefangen habe ich mit einer Kellnerlehre im Hotel L\u00e4rchenhof in der Ramsau, danach ging es f\u00fcr zwei Jahre nach Abtenau ins Hotel Moisl, wo ich Hotelassistent(Koch, Etage, Reception) dazu gelernt habe..<\/span><\/strong><\/span><\/p>\n<p><span style=\"color: #008000;\"><strong><span class=\"text_exposed_show\">Meine erste Wintersaison nach der Berufsschule in Aigen und Bad Gleichenberg habe ich in Sankt Anton am Arlberg gemacht..danach ging es f\u00fcr einige Saisonen in die Schweiz und nach S\u00fcdtirol, zwischendurch habe ich mein Fachwissen erweitert in ganz Europa, und nochmal zwischendurch bin ich von Aich in die WM Stadt Schladming gezogen..da lebe ich bis heute..Seit dem Jahr 2000 bin ich auf allen m\u00f6glichen Events in Europa f\u00fcr diverse Caterer im Einsatz<\/span><\/strong><\/span><\/p>\n<p><span style=\"color: #993366;\"><strong>Da ich gerne abwechslungsreich \u2013 egal ob In- oder Ausland \u2013 arbeite, bin ich flexibel einsatzbereit als Restaurant-Fachmann, Barkeeper, Sommelier, DJ, Veranstaltungsleiter oder auch als Promoter und Limousinenfahrer f\u00fcr verschiedene Firmen und VIP Veranstaltungen<\/strong><\/span><\/p>\n<p><span style=\"color: #993366;\"><strong>Desweiteren arbeite ich auch bei Volksfesten in Deutschland und bei diversen Caterings z.B. beim Hahnenkammrennen in Kitz, Nightrace in Schladming, German Polo auf Sylt oder bei verschiedenen Weinveranstaltungen..vor grossen Veranstaltungen f\u00fchre ich auch Serviceschulungen durch<\/strong><\/span><\/p>\n<p><span style=\"color: #993366;\"><strong>Seit einiger Zeit bin ich wieder als DJ unterwegs &#8211; vor allem f\u00fcr Apres Ski, Schlagerfox und House bzw. Rave &#8211; in Verbindung mit meiner Radiosendung &#8222;Chaos della Musica&#8220;, die ich dienstags 17-18 uhr aus Liezen moderiere. Nat\u00fcrlich mache ich auch f\u00fcr alle Gastronomen Playlists mit Liedern aus deren Musikcomputern, die man dann zu den gewissen Zeiten durchlaufen lassen kann<\/strong><\/span><\/p>\n<p><span style=\"color: #ff00ff;\"><strong>In meiner Freizeit gehe ich gerne snowboarden, schwimmen, ins Kino..ich geniesse guten Rotwein oder Champagner zu italienischem Essen..ich trinke auch gern Capucchino serviert mit einer Kardinalschnitte im Mc Cafe<\/strong><\/span><\/p>\n<p><span style=\"color: #808000;\"><strong>Gutes tun ist nicht schwer, ich engagiere mich in meiner kargen Freizeit auch f\u00fcr eine Plastikst\u00f6pselsammelaktion, die in ganz Europa l\u00e4uft..damit kann schwerstkranken Kindern geholfen werden, ihr Leben angenehmer zu gestalten, oder ihnen eine Delphintherapie, oder unbezahlte Dialysefahrten zu erm\u00f6glichen..infos auf Facebook(Wir helfen mit Plastikst\u00f6psel) oder auf www.stoepsel-sammeln.at<\/strong><\/span><\/p>\n<p><span style=\"color: #ff00ff;\"><strong>Im TV sehe ich mir gerne Comedyshows an..vor allem \u00fcber deutsche Politik(heute show, Xtra3), aber auch Soaps wie Sturm der Liebe(hab ich schon mitgespielt) und Dokumentationen..ich h\u00f6re gern Discofox, tanze dazu auch..aber auch bei Techno , Volksmusik oder Deep House f\u00fchle ich mich Zuhause\/\/meine eigener TV Talk und Kleindarstellerrollen siehe im Hauptmen\u00fc\/Home<\/strong><\/span><\/p>\n<p><strong>N\u00e4here Infos \u00fcber alles M\u00f6gliche entnehmen Sie bitte den Infos auf der Hauptseite(HOME, dann runterscrollen) oder dem Lebenslauf<\/strong><\/p>\n<p><span style=\"color: #800000;\"><strong><a style=\"color: #800000;\" href=\"https:\/\/leonleroi.at\/index.php\/saisonarbeit\/\">LEBENSLAUF \/\/ DOWNLOAD<\/a><\/strong><\/span><\/p>\n<p><strong><span style=\"color: #ff6600;\">Instagram<\/span><\/strong>&#8211;&gt; leon.autriche<\/p>\n<p><img decoding=\"async\" class=\"alignnone size-thumbnail wp-image-949\" src=\"https:\/\/leonleroi.at\/wp-content\/uploads\/2019\/04\/191-150x150.jpg\" alt=\"\" width=\"150\" height=\"150\" \/> <img decoding=\"async\" class=\"alignnone size-thumbnail wp-image-953\" src=\"https:\/\/leonleroi.at\/wp-content\/uploads\/2019\/04\/36392026_10217307394141069_851812467154616320_n-1-150x150.jpg\" alt=\"\" width=\"150\" height=\"150\" srcset=\"https:\/\/leonleroi.at\/wp-content\/uploads\/2019\/04\/36392026_10217307394141069_851812467154616320_n-1-150x150.jpg 150w, https:\/\/leonleroi.at\/wp-content\/uploads\/2019\/04\/36392026_10217307394141069_851812467154616320_n-1-300x300.jpg 300w, https:\/\/leonleroi.at\/wp-content\/uploads\/2019\/04\/36392026_10217307394141069_851812467154616320_n-1-768x768.jpg 768w, https:\/\/leonleroi.at\/wp-content\/uploads\/2019\/04\/36392026_10217307394141069_851812467154616320_n-1.jpg 960w\" sizes=\"(max-width: 150px) 100vw, 150px\" \/> <img decoding=\"async\" class=\"alignnone size-thumbnail wp-image-954\" src=\"https:\/\/leonleroi.at\/wp-content\/uploads\/2019\/04\/37347269_10217448450787397_2012543042644344832_n-150x150.jpg\" alt=\"\" width=\"150\" height=\"150\" srcset=\"https:\/\/leonleroi.at\/wp-content\/uploads\/2019\/04\/37347269_10217448450787397_2012543042644344832_n-150x150.jpg 150w, https:\/\/leonleroi.at\/wp-content\/uploads\/2019\/04\/37347269_10217448450787397_2012543042644344832_n-300x300.jpg 300w, https:\/\/leonleroi.at\/wp-content\/uploads\/2019\/04\/37347269_10217448450787397_2012543042644344832_n.jpg 750w\" sizes=\"(max-width: 150px) 100vw, 150px\" \/> <img loading=\"lazy\" decoding=\"async\" class=\"alignnone size-thumbnail wp-image-959\" src=\"https:\/\/leonleroi.at\/wp-content\/uploads\/2019\/04\/Leon-17-150x150.jpg\" alt=\"\" width=\"150\" height=\"150\" \/> <img loading=\"lazy\" decoding=\"async\" class=\"alignnone size-thumbnail wp-image-960\" src=\"https:\/\/leonleroi.at\/wp-content\/uploads\/2019\/04\/Leon-31-150x150.jpg\" alt=\"\" width=\"150\" height=\"150\" \/> <img loading=\"lazy\" decoding=\"async\" class=\"alignnone size-thumbnail wp-image-962\" src=\"https:\/\/leonleroi.at\/wp-content\/uploads\/2019\/04\/profil-pics-19-1-150x150.jpg\" alt=\"\" width=\"150\" height=\"150\" \/><img loading=\"lazy\" decoding=\"async\" class=\"alignnone size-thumbnail wp-image-1130\" src=\"https:\/\/leonleroi.at\/wp-content\/uploads\/2019\/11\/2019-09-04-18.42.35-150x150.jpg\" alt=\"\" width=\"150\" height=\"150\" \/> <img loading=\"lazy\" decoding=\"async\" class=\"alignnone size-thumbnail wp-image-1131\" src=\"https:\/\/leonleroi.at\/wp-content\/uploads\/2019\/11\/2019-09-13-19.57.34-1-150x150.jpg\" alt=\"\" width=\"150\" height=\"150\" \/> <img loading=\"lazy\" decoding=\"async\" class=\"alignnone size-thumbnail wp-image-1132\" src=\"https:\/\/leonleroi.at\/wp-content\/uploads\/2019\/11\/2019-10-01-15.05.28-150x150.jpg\" alt=\"\" width=\"150\" height=\"150\" \/> <img loading=\"lazy\" decoding=\"async\" class=\"alignnone size-thumbnail wp-image-1133\" src=\"https:\/\/leonleroi.at\/wp-content\/uploads\/2019\/11\/2019-10-02-00.47.07-150x150.jpg\" alt=\"\" width=\"150\" height=\"150\" \/> <img loading=\"lazy\" decoding=\"async\" class=\"alignnone size-thumbnail wp-image-1134\" src=\"https:\/\/leonleroi.at\/wp-content\/uploads\/2019\/11\/2019-10-08-23.32.18-150x150.jpg\" alt=\"\" width=\"150\" height=\"150\" \/> <img loading=\"lazy\" decoding=\"async\" class=\"alignnone size-thumbnail wp-image-1136\" src=\"https:\/\/leonleroi.at\/wp-content\/uploads\/2019\/11\/2019-10-17-20.46.58-150x150.jpg\" alt=\"\" width=\"150\" height=\"150\" \/><img loading=\"lazy\" decoding=\"async\" class=\"alignnone size-thumbnail wp-image-1654\" src=\"https:\/\/leonleroi.at\/wp-content\/uploads\/2024\/02\/IMG_2693-150x150.jpg\" alt=\"mein heimatberg der grimming\" width=\"150\" height=\"150\" \/> <img loading=\"lazy\" decoding=\"async\" class=\"alignnone size-thumbnail wp-image-1655\" src=\"https:\/\/leonleroi.at\/wp-content\/uploads\/2024\/02\/IMG_2691-150x150.jpg\" alt=\"grimming bei tag\" width=\"150\" height=\"150\" \/> <img loading=\"lazy\" decoding=\"async\" class=\"alignnone size-thumbnail wp-image-1656\" src=\"https:\/\/leonleroi.at\/wp-content\/uploads\/2024\/02\/17440d69-d30d-412b-89b9-ba40dd1805b7-150x150.jpg\" alt=\"leon le roi flohmarkt\" width=\"150\" height=\"150\" \/> <img loading=\"lazy\" decoding=\"async\" class=\"alignnone size-thumbnail wp-image-1657\" src=\"https:\/\/leonleroi.at\/wp-content\/uploads\/2024\/02\/whatsapp-image-2023-05-20-at-16.43.11-150x150.jpeg\" alt=\"\" width=\"150\" height=\"150\" \/> <img loading=\"lazy\" decoding=\"async\" class=\"alignnone size-thumbnail wp-image-1658\" src=\"https:\/\/leonleroi.at\/wp-content\/uploads\/2024\/02\/IMG_9912-150x150.png\" alt=\"\" width=\"150\" height=\"150\" \/> <img loading=\"lazy\" decoding=\"async\" class=\"alignnone size-thumbnail wp-image-1659\" src=\"https:\/\/leonleroi.at\/wp-content\/uploads\/2024\/02\/59d2b237-4f3a-460e-b088-ee0f6b82d9ab-150x150.jpg\" alt=\"\" width=\"150\" height=\"150\" \/> <img loading=\"lazy\" decoding=\"async\" class=\"alignnone size-thumbnail wp-image-1660\" src=\"https:\/\/leonleroi.at\/wp-content\/uploads\/2024\/02\/IMG_9564-150x150.png\" alt=\"\" width=\"150\" height=\"150\" \/><\/p>\n","protected":false},"excerpt":{"rendered":"<p>Dipl.Somm G\u00fcnter Leon Sch\u00fcttbacher WARUM LEON LE ROI?? Da ich Sternzeichen L\u00f6we bin, und mein zweiter Name (nach G\u00fcnter) Leon ist, und ich die franz\u00f6sische Sprache cool finde, und ich damals einen Dj Namen gesucht habe, bin ich auf Leon le Roi gekommen(LEON von leon\/\/LE ROI von K\u00f6nig-weil L\u00f6we K\u00f6nig der Tiere)..leon le roi wird so ausgesprochen&gt;&gt;\u00a0 \u00a0\u00a0leon l\u00f6 roa Geboren bin ich am 24.07.1972 in Aigen im Ennstal in der Steiermark in \u00d6sterreich, in jungen Jahren sind wir mit unseren Eltern nach Aich-Assach gezogen auf den wundersch\u00f6nen Hirzhof..in Gr\u00f6bming habe ich meine Pflichtschulzeit beendet..in den Sommerferien durfte ich ein paar Monate auf die Pleschnitzalm am G\u00f6ssenberg, ein bisschen Taschengeld verdienen..da habe ich schon gemerkt, dass ich gerne G\u00e4ste bewirte.. Nach meiner Pflichtschulzeit bin ich 1987 in die Tourismusbranche eingestiegen, angefangen habe ich mit einer Kellnerlehre im Hotel L\u00e4rchenhof in der Ramsau, danach ging es f\u00fcr zwei Jahre nach Abtenau ins Hotel Moisl, wo ich Hotelassistent(Koch, Etage, Reception) dazu gelernt habe.. Meine erste Wintersaison nach der Berufsschule in Aigen und Bad Gleichenberg habe ich in Sankt Anton am Arlberg gemacht..danach ging es f\u00fcr einige Saisonen in die Schweiz und nach S\u00fcdtirol, zwischendurch habe ich mein Fachwissen erweitert in ganz Europa, [&hellip;]<\/p>\n","protected":false},"author":1,"featured_media":0,"parent":0,"menu_order":0,"comment_status":"closed","ping_status":"closed","template":"","meta":{"footnotes":""},"class_list":["post-22","page","type-page","status-publish","hentry"],"_links":{"self":[{"href":"https:\/\/leonleroi.at\/index.php\/wp-json\/wp\/v2\/pages\/22","targetHints":{"allow":["GET"]}}],"collection":[{"href":"https:\/\/leonleroi.at\/index.php\/wp-json\/wp\/v2\/pages"}],"about":[{"href":"https:\/\/leonleroi.at\/index.php\/wp-json\/wp\/v2\/types\/page"}],"author":[{"embeddable":true,"href":"https:\/\/leonleroi.at\/index.php\/wp-json\/wp\/v2\/users\/1"}],"replies":[{"embeddable":true,"href":"https:\/\/leonleroi.at\/index.php\/wp-json\/wp\/v2\/comments?post=22"}],"version-history":[{"count":85,"href":"https:\/\/leonleroi.at\/index.php\/wp-json\/wp\/v2\/pages\/22\/revisions"}],"predecessor-version":[{"id":1898,"href":"https:\/\/leonleroi.at\/index.php\/wp-json\/wp\/v2\/pages\/22\/revisions\/1898"}],"wp:attachment":[{"href":"https:\/\/leonleroi.at\/index.php\/wp-json\/wp\/v2\/media?parent=22"}],"curies":[{"name":"wp","href":"https:\/\/api.w.org\/{rel}","templated":true}]}}