{"id":87,"date":"2018-07-18T10:07:49","date_gmt":"2018-07-18T09:07:49","guid":{"rendered":"https:\/\/leonleroi.at\/?page_id=87"},"modified":"2023-08-17T20:00:10","modified_gmt":"2023-08-17T18:00:10","slug":"coaching-and-consulting","status":"publish","type":"page","link":"https:\/\/leonleroi.at\/index.php\/coaching-and-consulting\/","title":{"rendered":"Coaching &#038; Consulting"},"content":{"rendered":"<p><strong>Wenn jemand ein Event veranstaltet, ein neues Lokal oder Hotel er\u00f6ffnet, so steh ich mit Rat und Tat zur Seite\u2026ausserdem biete ich Service-und Verkaufsschulungen, sowie operatives Management in der Gastronomie an<\/strong><\/p>\n<p><!--more--><\/p>\n<p><strong>Leistungen &amp; Service im Bereich Coaching &amp; Consulting<\/strong><\/p>\n<div class=\"su-list\" style=\"margin-left:0px\">\n<ul>\n<li><i class=\"sui sui-plus-circle\" style=\"color:#333\"><\/i> Facebook Einschulungen f\u00fcr Neueinsteiger im Social Media bereich<\/li>\n<li><i class=\"sui sui-plus-circle\" style=\"color:#333\"><\/i> Coaching bei Gastrobetriebser\u00f6ffnungen<\/li>\n<li><i class=\"sui sui-plus-circle\" style=\"color:#333\"><\/i> &#8222;Mystery Checks&#8220; in Hotels, Raststationen oder Einkaufszentren (bitte nur Private Nachrichten)<\/li>\n<li><i class=\"sui sui-plus-circle\" style=\"color:#333\"><\/i> Motivationsschulungen im Gastrobereich<\/li>\n<\/ul>\n<p>REFERENZBEISPIELE aus bereits erfolgten Optimierungen im Gastrobereich sind HIPPODROM M\u00dcNCHEN, SCHLOSSWIRTSCHAFT SCHLEISSHEIM M\u00dcNCHEN, GARCHINGER AUGUSTINER M\u00dcNCHEN, HIT THE SKY HOTEL SANKT ANTON AM ARLBERG&#8230;..<\/p>\n<\/div>\n","protected":false},"excerpt":{"rendered":"<p>Wenn jemand ein Event veranstaltet, ein neues Lokal oder Hotel er\u00f6ffnet, so steh ich mit Rat und Tat zur Seite\u2026ausserdem biete ich Service-und Verkaufsschulungen, sowie operatives Management in der Gastronomie an<\/p>\n","protected":false},"author":1,"featured_media":0,"parent":0,"menu_order":0,"comment_status":"closed","ping_status":"closed","template":"","meta":{"footnotes":""},"class_list":["post-87","page","type-page","status-publish","hentry"],"_links":{"self":[{"href":"https:\/\/leonleroi.at\/index.php\/wp-json\/wp\/v2\/pages\/87","targetHints":{"allow":["GET"]}}],"collection":[{"href":"https:\/\/leonleroi.at\/index.php\/wp-json\/wp\/v2\/pages"}],"about":[{"href":"https:\/\/leonleroi.at\/index.php\/wp-json\/wp\/v2\/types\/page"}],"author":[{"embeddable":true,"href":"https:\/\/leonleroi.at\/index.php\/wp-json\/wp\/v2\/users\/1"}],"replies":[{"embeddable":true,"href":"https:\/\/leonleroi.at\/index.php\/wp-json\/wp\/v2\/comments?post=87"}],"version-history":[{"count":18,"href":"https:\/\/leonleroi.at\/index.php\/wp-json\/wp\/v2\/pages\/87\/revisions"}],"predecessor-version":[{"id":1605,"href":"https:\/\/leonleroi.at\/index.php\/wp-json\/wp\/v2\/pages\/87\/revisions\/1605"}],"wp:attachment":[{"href":"https:\/\/leonleroi.at\/index.php\/wp-json\/wp\/v2\/media?parent=87"}],"curies":[{"name":"wp","href":"https:\/\/api.w.org\/{rel}","templated":true}]}}