{"id":912,"date":"2019-04-07T14:12:20","date_gmt":"2019-04-07T12:12:20","guid":{"rendered":"https:\/\/leonleroi.at\/?page_id=912"},"modified":"2026-02-10T18:07:10","modified_gmt":"2026-02-10T17:07:10","slug":"limousinen-shuttleservice","status":"publish","type":"page","link":"https:\/\/leonleroi.at\/index.php\/limousinen-shuttleservice\/","title":{"rendered":"Limousinen\/Shuttleservice"},"content":{"rendered":"\n<h2 class=\"wp-block-heading\">Fahrer auf diversen Vip Events<\/h2>\n\n\n\n<h2 class=\"wp-block-heading\" id=\"mce_0\">2015 habe ich in \u00d6sterreich den Personenbef\u00f6rderungsschein (Taxi-Mietwagen-Sch\u00fclerbus-Krankentransporte)gemacht..<\/h2>\n\n\n\n<p>SEIT EIN PAAR JAHREN FAHRE ICH F\u00dcR &#8222;TOP ALLIANCE&#8220; IN DAVOS BEIM WORLD ECONOMIC FORUM UND AUCH F\u00dcR &#8222;EVENTURELINE&#8220; IN \u00d6STERREICH &amp; MONTE CARLO VIP G\u00c4STE VON A NACH B; IN LE MANS UND CANNES FAHRE ICH F\u00dcR BDRIVEN AUS HAMBURG<\/p>\n\n\n\n<p>PARIS 2024 OLYMPIA DURFTE ICH F\u00dcR DEN ORF UND WEDRIVEYOU FAHREN..OLYMPIA 2026 MILANO F\u00dcR PURE MOBILITY <\/p>\n\n\n\n<p>DESWEITEREN MACHE ICH TAXISERVICE IN \u00d6STERREICH UND DIVERSE PROMOTOUREN MIT LUXUSWAGEN;F\u00dcR AUTO\u00dcBERF\u00dcHRUNGEN STEHE ICH ZUR VERF\u00dcGUNG IN EUROPA<\/p>\n\n\n\n<p>DURCH MEINE VIELEN BERUFLICHEN REISEN FAHRE ICH IM JAHR CIRCA 50000 KM;AUSSERDEM IST ES EINE SELBSTVERST\u00c4NDLICHKEIT MEINE G\u00c4STE ZUVERL\u00c4SSIG UND AUFMERKSAM ZU BETREUEN..DURCH MEINE SPRACHKENNTNISSE IN franz.ital.span.engl.russ. KANN ICH DIE INTERNATIONALEN G\u00c4STE IN IHRER LANDESSPRACHE BETREUEN<\/p>\n\n\n\n<figure class=\"wp-block-image\"><img fetchpriority=\"high\" decoding=\"async\" width=\"960\" height=\"960\" src=\"https:\/\/leonleroi.at\/wp-content\/uploads\/2019\/04\/36392026_10217307394141069_851812467154616320_n.jpg\" alt=\"\" class=\"wp-image-939\" srcset=\"https:\/\/leonleroi.at\/wp-content\/uploads\/2019\/04\/36392026_10217307394141069_851812467154616320_n.jpg 960w, https:\/\/leonleroi.at\/wp-content\/uploads\/2019\/04\/36392026_10217307394141069_851812467154616320_n-150x150.jpg 150w, https:\/\/leonleroi.at\/wp-content\/uploads\/2019\/04\/36392026_10217307394141069_851812467154616320_n-300x300.jpg 300w, https:\/\/leonleroi.at\/wp-content\/uploads\/2019\/04\/36392026_10217307394141069_851812467154616320_n-768x768.jpg 768w\" sizes=\"(max-width: 960px) 100vw, 960px\" \/><figcaption class=\"wp-element-caption\">formel 1 spielberg<\/figcaption><\/figure>\n\n\n\n<figure class=\"wp-block-image\"><img decoding=\"async\" width=\"576\" height=\"1024\" src=\"https:\/\/leonleroi.at\/wp-content\/uploads\/2019\/08\/2019-07-31-16.47.01-1-576x1024.png\" alt=\"\" class=\"wp-image-1079\" srcset=\"https:\/\/leonleroi.at\/wp-content\/uploads\/2019\/08\/2019-07-31-16.47.01-1-576x1024.png 576w, https:\/\/leonleroi.at\/wp-content\/uploads\/2019\/08\/2019-07-31-16.47.01-1-169x300.png 169w, https:\/\/leonleroi.at\/wp-content\/uploads\/2019\/08\/2019-07-31-16.47.01-1.png 750w\" sizes=\"(max-width: 576px) 100vw, 576px\" \/><figcaption class=\"wp-element-caption\">f\u00fcr bentley hannover auf promotour <\/figcaption><\/figure>\n\n\n\n<figure class=\"wp-block-image\"><img decoding=\"async\" width=\"1024\" height=\"768\" src=\"https:\/\/leonleroi.at\/wp-content\/uploads\/2020\/02\/2020-01-26-20.52.31-1024x768.jpg\" alt=\"\" class=\"wp-image-1195\" srcset=\"https:\/\/leonleroi.at\/wp-content\/uploads\/2020\/02\/2020-01-26-20.52.31-1024x768.jpg 1024w, https:\/\/leonleroi.at\/wp-content\/uploads\/2020\/02\/2020-01-26-20.52.31-300x225.jpg 300w, https:\/\/leonleroi.at\/wp-content\/uploads\/2020\/02\/2020-01-26-20.52.31-768x576.jpg 768w\" sizes=\"(max-width: 1024px) 100vw, 1024px\" \/><figcaption class=\"wp-element-caption\">davos<\/figcaption><\/figure>\n\n\n\n<figure class=\"wp-block-image\"><img loading=\"lazy\" decoding=\"async\" width=\"768\" height=\"1024\" src=\"https:\/\/leonleroi.at\/wp-content\/uploads\/2020\/02\/2020-01-29-03.05.02-768x1024.jpg\" alt=\"\" class=\"wp-image-1197\" srcset=\"https:\/\/leonleroi.at\/wp-content\/uploads\/2020\/02\/2020-01-29-03.05.02-768x1024.jpg 768w, https:\/\/leonleroi.at\/wp-content\/uploads\/2020\/02\/2020-01-29-03.05.02-225x300.jpg 225w\" sizes=\"(max-width: 768px) 100vw, 768px\" \/><figcaption class=\"wp-element-caption\">Taxiservice in der Steiermark<\/figcaption><\/figure>\n\n\n\n<figure class=\"wp-block-image\"><img loading=\"lazy\" decoding=\"async\" width=\"720\" height=\"960\" src=\"https:\/\/leonleroi.at\/wp-content\/uploads\/2019\/04\/IMG_1547.jpg\" alt=\"\" class=\"wp-image-934\" srcset=\"https:\/\/leonleroi.at\/wp-content\/uploads\/2019\/04\/IMG_1547.jpg 720w, https:\/\/leonleroi.at\/wp-content\/uploads\/2019\/04\/IMG_1547-225x300.jpg 225w\" sizes=\"(max-width: 720px) 100vw, 720px\" \/><figcaption class=\"wp-element-caption\">WEF davos<\/figcaption><\/figure>\n\n\n\n<figure class=\"wp-block-image\"><img loading=\"lazy\" decoding=\"async\" width=\"577\" height=\"1024\" src=\"https:\/\/leonleroi.at\/wp-content\/uploads\/2019\/04\/IMG_1066-577x1024.png\" alt=\"\" class=\"wp-image-935\" srcset=\"https:\/\/leonleroi.at\/wp-content\/uploads\/2019\/04\/IMG_1066-577x1024.png 577w, https:\/\/leonleroi.at\/wp-content\/uploads\/2019\/04\/IMG_1066-169x300.png 169w, https:\/\/leonleroi.at\/wp-content\/uploads\/2019\/04\/IMG_1066.png 640w\" sizes=\"(max-width: 577px) 100vw, 577px\" \/><figcaption class=\"wp-element-caption\">Moto GP spielberg<\/figcaption><\/figure>\n\n\n\n<figure class=\"wp-block-image\"><img loading=\"lazy\" decoding=\"async\" width=\"768\" height=\"1024\" src=\"https:\/\/leonleroi.at\/wp-content\/uploads\/2019\/04\/2019-01-23-16.42.57-e1554642483459-768x1024.jpg\" alt=\"\" class=\"wp-image-936\" srcset=\"https:\/\/leonleroi.at\/wp-content\/uploads\/2019\/04\/2019-01-23-16.42.57-e1554642483459-768x1024.jpg 768w, https:\/\/leonleroi.at\/wp-content\/uploads\/2019\/04\/2019-01-23-16.42.57-e1554642483459-225x300.jpg 225w\" sizes=\"(max-width: 768px) 100vw, 768px\" \/><figcaption class=\"wp-element-caption\">als chauffeur f\u00fcr EINTRACHT frankfurt<\/figcaption><\/figure>\n\n\n\n<figure class=\"wp-block-image\"><img loading=\"lazy\" decoding=\"async\" width=\"1024\" height=\"745\" src=\"https:\/\/leonleroi.at\/wp-content\/uploads\/2019\/04\/Personenbef\u00f6rderung-e1554641410640-1024x745.jpg\" alt=\"\" class=\"wp-image-933\" srcset=\"https:\/\/leonleroi.at\/wp-content\/uploads\/2019\/04\/Personenbef\u00f6rderung-e1554641410640-1024x745.jpg 1024w, https:\/\/leonleroi.at\/wp-content\/uploads\/2019\/04\/Personenbef\u00f6rderung-e1554641410640-300x218.jpg 300w, https:\/\/leonleroi.at\/wp-content\/uploads\/2019\/04\/Personenbef\u00f6rderung-e1554641410640-768x558.jpg 768w\" sizes=\"(max-width: 1024px) 100vw, 1024px\" \/><figcaption class=\"wp-element-caption\">personenbef\u00f6rderung-taxi-mietwagen<\/figcaption><\/figure>\n\n\n\n<figure class=\"wp-block-image size-large is-resized\"><img loading=\"lazy\" decoding=\"async\" width=\"1019\" height=\"1024\" src=\"https:\/\/leonleroi.at\/wp-content\/uploads\/2024\/06\/france-1-1019x1024.jpg\" alt=\"\" class=\"wp-image-1691\" style=\"width:405px;height:auto\" srcset=\"https:\/\/leonleroi.at\/wp-content\/uploads\/2024\/06\/france-1-1019x1024.jpg 1019w, https:\/\/leonleroi.at\/wp-content\/uploads\/2024\/06\/france-1-300x300.jpg 300w, https:\/\/leonleroi.at\/wp-content\/uploads\/2024\/06\/france-1-150x150.jpg 150w, https:\/\/leonleroi.at\/wp-content\/uploads\/2024\/06\/france-1-768x772.jpg 768w, https:\/\/leonleroi.at\/wp-content\/uploads\/2024\/06\/france-1-1529x1536.jpg 1529w, https:\/\/leonleroi.at\/wp-content\/uploads\/2024\/06\/france-1.jpg 2038w\" sizes=\"(max-width: 1019px) 100vw, 1019px\" \/><\/figure>\n\n\n\n<figure class=\"wp-block-image size-large\"><img loading=\"lazy\" decoding=\"async\" width=\"768\" height=\"1024\" src=\"https:\/\/leonleroi.at\/wp-content\/uploads\/2024\/06\/france-2-1-768x1024.jpg\" alt=\"\" class=\"wp-image-1692\" srcset=\"https:\/\/leonleroi.at\/wp-content\/uploads\/2024\/06\/france-2-1-768x1024.jpg 768w, https:\/\/leonleroi.at\/wp-content\/uploads\/2024\/06\/france-2-1-225x300.jpg 225w, https:\/\/leonleroi.at\/wp-content\/uploads\/2024\/06\/france-2-1-1152x1536.jpg 1152w, https:\/\/leonleroi.at\/wp-content\/uploads\/2024\/06\/france-2-1.jpg 1536w\" sizes=\"(max-width: 768px) 100vw, 768px\" \/><\/figure>\n","protected":false},"excerpt":{"rendered":"<p>Fahrer auf diversen Vip Events 2015 habe ich in \u00d6sterreich den Personenbef\u00f6rderungsschein (Taxi-Mietwagen-Sch\u00fclerbus-Krankentransporte)gemacht.. SEIT EIN PAAR JAHREN FAHRE ICH F\u00dcR &#8222;TOP ALLIANCE&#8220; IN DAVOS BEIM WORLD ECONOMIC FORUM UND AUCH F\u00dcR &#8222;EVENTURELINE&#8220; IN \u00d6STERREICH &amp; MONTE CARLO VIP G\u00c4STE VON A NACH B; IN LE MANS UND CANNES FAHRE ICH F\u00dcR BDRIVEN AUS HAMBURG PARIS 2024 OLYMPIA DURFTE ICH F\u00dcR DEN ORF UND WEDRIVEYOU FAHREN..OLYMPIA 2026 MILANO F\u00dcR PURE MOBILITY DESWEITEREN MACHE ICH TAXISERVICE IN \u00d6STERREICH UND DIVERSE PROMOTOUREN MIT LUXUSWAGEN;F\u00dcR AUTO\u00dcBERF\u00dcHRUNGEN STEHE ICH ZUR VERF\u00dcGUNG IN EUROPA DURCH MEINE VIELEN BERUFLICHEN REISEN FAHRE ICH IM JAHR CIRCA 50000 KM;AUSSERDEM IST ES EINE SELBSTVERST\u00c4NDLICHKEIT MEINE G\u00c4STE ZUVERL\u00c4SSIG UND AUFMERKSAM ZU BETREUEN..DURCH MEINE SPRACHKENNTNISSE IN franz.ital.span.engl.russ. KANN ICH DIE INTERNATIONALEN G\u00c4STE IN IHRER LANDESSPRACHE BETREUEN<\/p>\n","protected":false},"author":1,"featured_media":1077,"parent":0,"menu_order":0,"comment_status":"closed","ping_status":"closed","template":"","meta":{"footnotes":""},"class_list":["post-912","page","type-page","status-publish","has-post-thumbnail","hentry"],"_links":{"self":[{"href":"https:\/\/leonleroi.at\/index.php\/wp-json\/wp\/v2\/pages\/912","targetHints":{"allow":["GET"]}}],"collection":[{"href":"https:\/\/leonleroi.at\/index.php\/wp-json\/wp\/v2\/pages"}],"about":[{"href":"https:\/\/leonleroi.at\/index.php\/wp-json\/wp\/v2\/types\/page"}],"author":[{"embeddable":true,"href":"https:\/\/leonleroi.at\/index.php\/wp-json\/wp\/v2\/users\/1"}],"replies":[{"embeddable":true,"href":"https:\/\/leonleroi.at\/index.php\/wp-json\/wp\/v2\/comments?post=912"}],"version-history":[{"count":11,"href":"https:\/\/leonleroi.at\/index.php\/wp-json\/wp\/v2\/pages\/912\/revisions"}],"predecessor-version":[{"id":1981,"href":"https:\/\/leonleroi.at\/index.php\/wp-json\/wp\/v2\/pages\/912\/revisions\/1981"}],"wp:featuredmedia":[{"embeddable":true,"href":"https:\/\/leonleroi.at\/index.php\/wp-json\/wp\/v2\/media\/1077"}],"wp:attachment":[{"href":"https:\/\/leonleroi.at\/index.php\/wp-json\/wp\/v2\/media?parent=912"}],"curies":[{"name":"wp","href":"https:\/\/api.w.org\/{rel}","templated":true}]}}